{"id":40,"date":"2025-02-17T14:29:51","date_gmt":"2025-02-17T13:29:51","guid":{"rendered":"https:\/\/elma.family\/?page_id=40"},"modified":"2025-07-22T20:32:39","modified_gmt":"2025-07-22T19:32:39","slug":"legezko-oharra","status":"publish","type":"page","link":"https:\/\/elma.family\/eu\/legezko-oharra\/","title":{"rendered":"Lege Oharra"},"content":{"rendered":"<h2 class=\"wp-block-heading\"><strong>OHARRA LEGALA<\/strong><\/h2>\n\n\n\n<h3 class=\"wp-block-heading\"><strong>1. IDENTIFIKAZIO DATUAK<\/strong><\/h3>\n\n\n\n<p>Uztailaren 11ko 34\/2002 Legearen 10. artikuluan jasotako informazio-betebeharra betez, <strong>Informazio Gizarteko Zerbitzuak eta Merkataritza Elektronikoa (LSSI-CE)<\/strong>, honako informazio hau ematen da:<\/p>\n\n\n\n<ul class=\"wp-block-list\">\n<li><strong>Webgunearen jabea<\/strong>El\u00edas Goiburu Irastorza<\/li>\n\n\n\n<li><strong>IFZ<\/strong>: 44139130Z<\/li>\n\n\n\n<li><strong>Erregistratutako Bulegoa<\/strong>: Gipuzkoa plaza 1, 10E, 20400 Tolosa<\/li>\n\n\n\n<li><strong>Harremanetarako helbide elektronikoa<\/strong>: kaixo@elma.familia<\/li>\n<\/ul>\n\n\n\n<h3 class=\"wp-block-heading\"><strong>2. ERABILTZAILEAK<\/strong><\/h3>\n\n\n\n<p>Webgune honetara sartzeak eta\/edo erabiltzeak honako hauen egoera ematen du: <strong>Erabiltzailea<\/strong>, zeinak, aipatutako sarbide eta\/edo erabileraren harira, erabilera-baldintza hauek onartzen dituen. Baldintza hauek aplikatuko dira lotesleak izan daitezkeen kontratazio-baldintza orokorrak gorabehera.<\/p>\n\n\n\n<h3 class=\"wp-block-heading\"><strong>3. WEB ORRIAREN ERABILERA<\/strong><\/h3>\n\n\n\n<p>Webguneak Interneteko informazio, zerbitzu, tresna eta edukietarako sarbidea ematen du. <strong>Elias Goiburu Irastorza<\/strong>, erabiltzaileak bere ardurapean erabil dezakeena. Erabiltzaileak edukia eta zerbitzuak behar bezala erabiltzeko konpromisoa hartzen du, legez kanpoko jardueretarako, fede onaren aurkako jardueretarako edo ordena publikoaren aurkako jardueretarako ez erabiltzeko.<\/p>\n\n\n\n<h3 class=\"wp-block-heading\"><strong>4. JABETZA INTELEKTUALA ETA INDUSTRIALA<\/strong><\/h3>\n\n\n\n<p>Webguneko eduki guztiak (testuak, irudiak, logotipoak, bideoak, softwarea, iturburu-kodea, etab.) -ren jabetzakoak dira. <strong>Elias Goiburu Irastorza<\/strong> edo berariaz erabiltzeko lizentziatuta daude, eta indarrean dagoen jabetza intelektual eta industrialaren legeriaren arabera babestuta daude. Jabearen berariazko baimenik gabe erreproduzitzea, banatzea edo eraldaketa debekatuta dago.<\/p>\n\n\n\n<h3 class=\"wp-block-heading\"><strong>5. BERMEEN ETA ERANTZUKIZUNEN BAZTERTZEA<\/strong><\/h3>\n\n\n\n<p><strong>Elias Goiburu Irastorza<\/strong> ez da inola ere erantzule izango edukietan dauden akats edo hutsuneek, webgunearen erabilgarritasun ezak edo birusen edo programa gaiztoen transmisioak eragin ditzaketen kalte-ordainengatik, hori saihesteko beharrezko neurri teknologiko guztiak hartu arren.<\/p>\n\n\n\n<h3 class=\"wp-block-heading\"><strong>6. HIRUGARRENEN LOTURAK<\/strong><\/h3>\n\n\n\n<p>Webguneak beste Interneteko gune batzuetarako estekak edo hiperestekak baditu, <strong>Elias Goiburu Irastorza<\/strong> ez du inolako kontrolik izango gune eta eduki horien gainean. Inola ere ez du inolako erantzukizunik hartuko hirugarrenen webgune bateko esteka baten edukiaren gainean.<\/p>\n\n\n\n<h3 class=\"wp-block-heading\"><strong>7. ALDAKETAK<\/strong><\/h3>\n\n\n\n<p><strong>Elias Goiburu Irastorza<\/strong> -k bere webgunean egoki ikusten dituen aldaketak egiteko eskubidea gordetzen du aldez aurretik jakinarazi gabe, besteak beste, bertan eskaintzen diren edukiak eta zerbitzuak aldatzea, ezabatzea edo gehitzea.<\/p>\n\n\n\n<h3 class=\"wp-block-heading\"><strong>8. APLIKAGARRI DAGOEN LEGE ETA JURISDIKZIOA<\/strong><\/h3>\n\n\n\n<p>arteko harremana <strong>Elias Goiburu Irastorza<\/strong> eta erabiltzailea Espainiako araudiaren arabera arautuko da. Webgunera sartzetik edo erabiltzeagatik sor daitekeen edozein gatazka konpontzeko, alderdiek honako hauei men egingo diete: <strong>Tolosako epaitegi eta auzitegiak<\/strong>, legeak bestelakorik xedatzen ez badu behintzat.<\/p>","protected":false},"excerpt":{"rendered":"<p>AVISO LEGAL 1. DATOS IDENTIFICATIVOS En cumplimiento con el deber de informaci\u00f3n recogido en el art\u00edculo 10 de la Ley 34\/2002, de 11 de julio, de Servicios de la Sociedad de la Informaci\u00f3n y del Comercio Electr\u00f3nico (LSSI-CE), se facilita la siguiente informaci\u00f3n: 2. USUARIOS El acceso y\/o uso de este sitio web atribuye la [&hellip;]<\/p>\n","protected":false},"author":1,"featured_media":0,"parent":0,"menu_order":0,"comment_status":"closed","ping_status":"closed","template":"","meta":{"_acf_changed":false,"_seopress_robots_primary_cat":"","_seopress_titles_title":"","_seopress_titles_desc":"","_seopress_robots_index":"","footnotes":""},"class_list":["post-40","page","type-page","status-publish","hentry"],"acf":[],"_links":{"self":[{"href":"https:\/\/elma.family\/eu\/wp-json\/wp\/v2\/pages\/40","targetHints":{"allow":["GET"]}}],"collection":[{"href":"https:\/\/elma.family\/eu\/wp-json\/wp\/v2\/pages"}],"about":[{"href":"https:\/\/elma.family\/eu\/wp-json\/wp\/v2\/types\/page"}],"author":[{"embeddable":true,"href":"https:\/\/elma.family\/eu\/wp-json\/wp\/v2\/users\/1"}],"replies":[{"embeddable":true,"href":"https:\/\/elma.family\/eu\/wp-json\/wp\/v2\/comments?post=40"}],"version-history":[{"count":2,"href":"https:\/\/elma.family\/eu\/wp-json\/wp\/v2\/pages\/40\/revisions"}],"predecessor-version":[{"id":212,"href":"https:\/\/elma.family\/eu\/wp-json\/wp\/v2\/pages\/40\/revisions\/212"}],"wp:attachment":[{"href":"https:\/\/elma.family\/eu\/wp-json\/wp\/v2\/media?parent=40"}],"curies":[{"name":"wp","href":"https:\/\/api.w.org\/{rel}","templated":true}]}}